{"id":11,"date":"2024-12-11T11:00:54","date_gmt":"2024-12-11T10:00:54","guid":{"rendered":"http:\/\/dworwkrzywce.pl\/?page_id=11"},"modified":"2024-12-16T08:42:33","modified_gmt":"2024-12-16T07:42:33","slug":"11-2","status":"publish","type":"page","link":"https:\/\/dworwkrzywce.pl\/","title":{"rendered":""},"content":{"rendered":"<div  id=\"jtg-26\" class=\"modula modula-gallery modula-creative-gallery\" data-config=\"{&quot;height&quot;:800,&quot;tabletHeight&quot;:800,&quot;mobileHeight&quot;:800,&quot;desktopHeight&quot;:800,&quot;enableTwitter&quot;:false,&quot;enableWhatsapp&quot;:false,&quot;enableFacebook&quot;:false,&quot;enablePinterest&quot;:false,&quot;enableLinkedin&quot;:false,&quot;enableEmail&quot;:false,&quot;randomFactor&quot;:0.5,&quot;type&quot;:&quot;creative-gallery&quot;,&quot;columns&quot;:12,&quot;gutter&quot;:10,&quot;mobileGutter&quot;:10,&quot;tabletGutter&quot;:10,&quot;desktopGutter&quot;:10,&quot;enableResponsive&quot;:&quot;0&quot;,&quot;tabletColumns&quot;:2,&quot;mobileColumns&quot;:1,&quot;lazyLoad&quot;:0,&quot;lightboxOpts&quot;:{&quot;animated&quot;:true,&quot;Thumbs&quot;:{&quot;type&quot;:&quot;modern&quot;,&quot;showOnStart&quot;:false},&quot;Toolbar&quot;:{&quot;display&quot;:{&quot;right&quot;:[&quot;close&quot;]},&quot;enabled&quot;:true},&quot;Carousel&quot;:{&quot;Panzoom&quot;:{&quot;touch&quot;:true},&quot;infinite&quot;:false},&quot;keyboard&quot;:{&quot;Escape&quot;:&quot;close&quot;,&quot;Delete&quot;:&quot;close&quot;,&quot;Backspace&quot;:&quot;close&quot;,&quot;PageUp&quot;:false,&quot;PageDown&quot;:false,&quot;ArrowUp&quot;:false,&quot;ArrowDown&quot;:false,&quot;ArrowRight&quot;:false,&quot;ArrowLeft&quot;:false},&quot;touch&quot;:false,&quot;backdropClick&quot;:false,&quot;l10n&quot;:{&quot;CLOSE&quot;:&quot;Zamknij&quot;,&quot;NEXT&quot;:&quot;Nast\\u0119pny&quot;,&quot;PREV&quot;:&quot;Poprzedni&quot;,&quot;Error&quot;:&quot;Nie mo\\u017cna wczyta\\u0107 \\u017c\\u0105danej tre\\u015bci. Spr\\u00f3buj ponownie p\\u00f3\\u017aniej.&quot;,&quot;PLAY_START&quot;:&quot;Rozpocznij pokaz slajd\\u00f3w&quot;,&quot;PLAY_STOP&quot;:&quot;Zatrzymaj pokaz slajd\\u00f3w&quot;,&quot;FULL_SCREEN&quot;:&quot;Pe\\u0142ny ekran&quot;,&quot;THUMBS&quot;:&quot;Miniaturki&quot;,&quot;DOWNLOAD&quot;:&quot;Pobieranie&quot;,&quot;SHARE&quot;:&quot;Udost\\u0119pnij&quot;,&quot;ZOOM&quot;:&quot;Powi\\u0119kszenie&quot;,&quot;EMAIL&quot;:&quot;Here is the link to the image : %%image_link%% and this is the link to the gallery : %%gallery_link%%&quot;,&quot;MODAL&quot;:&quot;Mo\\u017cesz zamkn\\u0105\\u0107 t\\u0119 zawarto\\u015b\\u0107 okna modalnego za pomoc\\u0105 klawisza ESC&quot;,&quot;ERROR&quot;:&quot;Co\\u015b posz\\u0142o nie tak. Spr\\u00f3buj ponownie p\\u00f3\\u017aniej&quot;,&quot;IMAGE_ERROR&quot;:&quot;Nie znaleziono obrazka&quot;,&quot;ELEMENT_NOT_FOUND&quot;:&quot;Nie znaleziono elementu HTML&quot;,&quot;AJAX_NOT_FOUND&quot;:&quot;B\\u0142\\u0105d wczytywania AJAX: Nie znaleziono&quot;,&quot;AJAX_FORBIDDEN&quot;:&quot;B\\u0142\\u0105d wczytywania AJAX: Zabronione&quot;,&quot;IFRAME_ERROR&quot;:&quot;B\\u0142\\u0105d wczytywania strony&quot;,&quot;TOGGLE_ZOOM&quot;:&quot;Prze\\u0142\\u0105cz poziom powi\\u0119kszenia&quot;,&quot;TOGGLE_THUMBS&quot;:&quot;Prze\\u0142\\u0105cz miniaturki&quot;,&quot;TOGGLE_SLIDESHOW&quot;:&quot;Prze\\u0142\\u0105cz pokaz slajd\\u00f3w&quot;,&quot;TOGGLE_FULLSCREEN&quot;:&quot;Prze\\u0142\\u0105cz tryb pe\\u0142noekranowy&quot;},&quot;Images&quot;:{&quot;Panzoom&quot;:{&quot;maxScale&quot;:2}},&quot;mainClass&quot;:&quot;modula-fancybox-container modula-lightbox-jtg-26&quot;,&quot;Html&quot;:{&quot;videoAutoplay&quot;:0,&quot;videoTpl&quot;:&quot;&lt;video class=\\&quot;fancybox__html5video\\&quot; controls muted playsinline controlsList controlsList=\\&quot;nodownload\\&quot; poster=\\&quot;{{poster}}\\&quot; src=\\&quot;{{src}}\\&quot; type=\\&quot;{{format}}\\&quot; &gt;  Sorry, your browser doesn&#039;t support embedded videos, &lt;a href=\\&quot;{{src}}\\&quot;&gt; download &lt;\\\/a&gt; and watch with your favorite video player! &lt;\\\/video&gt;&quot;}},&quot;inView&quot;:false,&quot;email_subject&quot;:&quot;Sprawd\\u017a ten niesamowity obrazek!&quot;,&quot;email_message&quot;:&quot;Oto odno\\u015bnik do obrazku: %%image_link%%, a to odno\\u015bnik do galerii: %%gallery_link%%&quot;,&quot;lightbox&quot;:&quot;fancybox&quot;}\">\n\n\t\n\t<div  class=\"modula-items\">\n\t\t<div class=\"modula-item effect-pufrobo\" >\n\t<div class=\"modula-item-overlay\"><\/div>\n\n\t<div class=\"modula-item-content\">\n\n\t\t<a data-image-id=\"20\" role=\"button\" tabindex=\"0\" rel=\"jtg-26\" data-caption=\"\" aria-label=\"Otw\u00f3rz obrazek w lightboxie\" class=\"tile-inner modula-item-link\"><\/a><img loading=\"lazy\" decoding=\"async\" class=\"pic wp-image-20\"  data-valign=\"middle\" data-halign=\"center\" alt=\"\" data-full=\"https:\/\/dworwkrzywce.pl\/wp-content\/uploads\/2024\/12\/jasny_dwor_witraze_02.jpg\" title=\"jasny_dwor_witraze_02\" crop=\"\" width=\"300\" height=\"300\" src=\"https:\/\/dworwkrzywce.pl\/wp-content\/uploads\/2024\/12\/jasny_dwor_witraze_02-300x300.jpg\" data-src=\"https:\/\/dworwkrzywce.pl\/wp-content\/uploads\/2024\/12\/jasny_dwor_witraze_02-300x300.jpg\" data-caption=\"\" srcset=\"https:\/\/dworwkrzywce.pl\/wp-content\/uploads\/2024\/12\/jasny_dwor_witraze_02-scaled.jpg 2560w, https:\/\/dworwkrzywce.pl\/wp-content\/uploads\/2024\/12\/jasny_dwor_witraze_02-scaled-300x300.jpg 300w, https:\/\/dworwkrzywce.pl\/wp-content\/uploads\/2024\/12\/jasny_dwor_witraze_02-1024x1024.jpg 1024w, https:\/\/dworwkrzywce.pl\/wp-content\/uploads\/2024\/12\/jasny_dwor_witraze_02-150x150.jpg 150w, https:\/\/dworwkrzywce.pl\/wp-content\/uploads\/2024\/12\/jasny_dwor_witraze_02-768x768.jpg 768w, https:\/\/dworwkrzywce.pl\/wp-content\/uploads\/2024\/12\/jasny_dwor_witraze_02-1536x1536.jpg 1536w, https:\/\/dworwkrzywce.pl\/wp-content\/uploads\/2024\/12\/jasny_dwor_witraze_02-2048x2048.jpg 2048w\" sizes=\"auto, (max-width: 300px) 100vw, 300px\" \/>\n\t\t<div class=\"figc no-description\">\n\t\t\t<div class=\"figc-inner\">\n\t\t\t\t\t\t\t\t\t\t\t\t\t\t\t<\/div>\n\t\t<\/div>\n\n\t<\/div>\n\n<\/div><div class=\"modula-item effect-pufrobo\" >\n\t<div class=\"modula-item-overlay\"><\/div>\n\n\t<div class=\"modula-item-content\">\n\n\t\t<a data-image-id=\"23\" role=\"button\" tabindex=\"0\" rel=\"jtg-26\" data-caption=\"\" aria-label=\"Otw\u00f3rz obrazek w lightboxie\" class=\"tile-inner modula-item-link\"><\/a><img loading=\"lazy\" decoding=\"async\" class=\"pic wp-image-23\"  data-valign=\"middle\" data-halign=\"center\" alt=\"\" data-full=\"https:\/\/dworwkrzywce.pl\/wp-content\/uploads\/2024\/12\/jasny_dwor_witraze_03.jpg\" title=\"jasny_dwor_witraze_03\" crop=\"\" width=\"300\" height=\"300\" src=\"https:\/\/dworwkrzywce.pl\/wp-content\/uploads\/2024\/12\/jasny_dwor_witraze_03-300x300.jpg\" data-src=\"https:\/\/dworwkrzywce.pl\/wp-content\/uploads\/2024\/12\/jasny_dwor_witraze_03-300x300.jpg\" data-caption=\"\" srcset=\"https:\/\/dworwkrzywce.pl\/wp-content\/uploads\/2024\/12\/jasny_dwor_witraze_03-scaled.jpg 2560w, https:\/\/dworwkrzywce.pl\/wp-content\/uploads\/2024\/12\/jasny_dwor_witraze_03-scaled-300x300.jpg 300w, https:\/\/dworwkrzywce.pl\/wp-content\/uploads\/2024\/12\/jasny_dwor_witraze_03-1024x1024.jpg 1024w, https:\/\/dworwkrzywce.pl\/wp-content\/uploads\/2024\/12\/jasny_dwor_witraze_03-150x150.jpg 150w, https:\/\/dworwkrzywce.pl\/wp-content\/uploads\/2024\/12\/jasny_dwor_witraze_03-768x768.jpg 768w, https:\/\/dworwkrzywce.pl\/wp-content\/uploads\/2024\/12\/jasny_dwor_witraze_03-1536x1536.jpg 1536w, https:\/\/dworwkrzywce.pl\/wp-content\/uploads\/2024\/12\/jasny_dwor_witraze_03-2048x2048.jpg 2048w\" sizes=\"auto, (max-width: 300px) 100vw, 300px\" \/>\n\t\t<div class=\"figc no-description\">\n\t\t\t<div class=\"figc-inner\">\n\t\t\t\t\t\t\t\t\t\t\t\t\t\t\t<\/div>\n\t\t<\/div>\n\n\t<\/div>\n\n<\/div><div class=\"modula-item effect-pufrobo\" >\n\t<div class=\"modula-item-overlay\"><\/div>\n\n\t<div class=\"modula-item-content\">\n\n\t\t<a data-image-id=\"21\" role=\"button\" tabindex=\"0\" rel=\"jtg-26\" data-caption=\"\" aria-label=\"Otw\u00f3rz obrazek w lightboxie\" class=\"tile-inner modula-item-link\"><\/a><img loading=\"lazy\" decoding=\"async\" class=\"pic wp-image-21\"  data-valign=\"middle\" data-halign=\"center\" alt=\"\" data-full=\"https:\/\/dworwkrzywce.pl\/wp-content\/uploads\/2024\/12\/jasny_dwor_witraze_03a.jpg\" title=\"jasny_dwor_witraze_03a\" crop=\"\" width=\"300\" height=\"300\" src=\"https:\/\/dworwkrzywce.pl\/wp-content\/uploads\/2024\/12\/jasny_dwor_witraze_03a-300x300.jpg\" data-src=\"https:\/\/dworwkrzywce.pl\/wp-content\/uploads\/2024\/12\/jasny_dwor_witraze_03a-300x300.jpg\" data-caption=\"\" srcset=\"https:\/\/dworwkrzywce.pl\/wp-content\/uploads\/2024\/12\/jasny_dwor_witraze_03a-scaled.jpg 2560w, https:\/\/dworwkrzywce.pl\/wp-content\/uploads\/2024\/12\/jasny_dwor_witraze_03a-scaled-300x300.jpg 300w, https:\/\/dworwkrzywce.pl\/wp-content\/uploads\/2024\/12\/jasny_dwor_witraze_03a-1024x1024.jpg 1024w, https:\/\/dworwkrzywce.pl\/wp-content\/uploads\/2024\/12\/jasny_dwor_witraze_03a-150x150.jpg 150w, https:\/\/dworwkrzywce.pl\/wp-content\/uploads\/2024\/12\/jasny_dwor_witraze_03a-768x768.jpg 768w, https:\/\/dworwkrzywce.pl\/wp-content\/uploads\/2024\/12\/jasny_dwor_witraze_03a-1536x1536.jpg 1536w, https:\/\/dworwkrzywce.pl\/wp-content\/uploads\/2024\/12\/jasny_dwor_witraze_03a-2048x2048.jpg 2048w\" sizes=\"auto, (max-width: 300px) 100vw, 300px\" \/>\n\t\t<div class=\"figc no-description\">\n\t\t\t<div class=\"figc-inner\">\n\t\t\t\t\t\t\t\t\t\t\t\t\t\t\t<\/div>\n\t\t<\/div>\n\n\t<\/div>\n\n<\/div><div class=\"modula-item effect-pufrobo\" >\n\t<div class=\"modula-item-overlay\"><\/div>\n\n\t<div class=\"modula-item-content\">\n\n\t\t<a data-image-id=\"17\" role=\"button\" tabindex=\"0\" rel=\"jtg-26\" data-caption=\"\" aria-label=\"Otw\u00f3rz obrazek w lightboxie\" class=\"tile-inner modula-item-link\"><\/a><img loading=\"lazy\" decoding=\"async\" class=\"pic wp-image-17\"  data-valign=\"middle\" data-halign=\"center\" alt=\"\" data-full=\"https:\/\/dworwkrzywce.pl\/wp-content\/uploads\/2024\/12\/jasny_dwor_witraze_06.jpg\" title=\"jasny_dwor_witraze_06\" crop=\"\" width=\"300\" height=\"300\" src=\"https:\/\/dworwkrzywce.pl\/wp-content\/uploads\/2024\/12\/jasny_dwor_witraze_06-300x300.jpg\" data-src=\"https:\/\/dworwkrzywce.pl\/wp-content\/uploads\/2024\/12\/jasny_dwor_witraze_06-300x300.jpg\" data-caption=\"\" srcset=\"https:\/\/dworwkrzywce.pl\/wp-content\/uploads\/2024\/12\/jasny_dwor_witraze_06-scaled.jpg 2560w, https:\/\/dworwkrzywce.pl\/wp-content\/uploads\/2024\/12\/jasny_dwor_witraze_06-scaled-300x300.jpg 300w, https:\/\/dworwkrzywce.pl\/wp-content\/uploads\/2024\/12\/jasny_dwor_witraze_06-1024x1024.jpg 1024w, https:\/\/dworwkrzywce.pl\/wp-content\/uploads\/2024\/12\/jasny_dwor_witraze_06-150x150.jpg 150w, https:\/\/dworwkrzywce.pl\/wp-content\/uploads\/2024\/12\/jasny_dwor_witraze_06-768x768.jpg 768w, https:\/\/dworwkrzywce.pl\/wp-content\/uploads\/2024\/12\/jasny_dwor_witraze_06-1536x1536.jpg 1536w, https:\/\/dworwkrzywce.pl\/wp-content\/uploads\/2024\/12\/jasny_dwor_witraze_06-2048x2048.jpg 2048w\" sizes=\"auto, (max-width: 300px) 100vw, 300px\" \/>\n\t\t<div class=\"figc no-description\">\n\t\t\t<div class=\"figc-inner\">\n\t\t\t\t\t\t\t\t\t\t\t\t\t\t\t<\/div>\n\t\t<\/div>\n\n\t<\/div>\n\n<\/div><div class=\"modula-item effect-pufrobo\" >\n\t<div class=\"modula-item-overlay\"><\/div>\n\n\t<div class=\"modula-item-content\">\n\n\t\t<a data-image-id=\"22\" role=\"button\" tabindex=\"0\" rel=\"jtg-26\" data-caption=\"\" aria-label=\"Otw\u00f3rz obrazek w lightboxie\" class=\"tile-inner modula-item-link\"><\/a><img loading=\"lazy\" decoding=\"async\" class=\"pic wp-image-22\"  data-valign=\"middle\" data-halign=\"center\" alt=\"\" data-full=\"https:\/\/dworwkrzywce.pl\/wp-content\/uploads\/2024\/12\/jasny_dwor_witraze_05.jpg\" title=\"jasny_dwor_witraze_05\" crop=\"\" width=\"300\" height=\"300\" src=\"https:\/\/dworwkrzywce.pl\/wp-content\/uploads\/2024\/12\/jasny_dwor_witraze_05-300x300.jpg\" data-src=\"https:\/\/dworwkrzywce.pl\/wp-content\/uploads\/2024\/12\/jasny_dwor_witraze_05-300x300.jpg\" data-caption=\"\" srcset=\"https:\/\/dworwkrzywce.pl\/wp-content\/uploads\/2024\/12\/jasny_dwor_witraze_05-scaled.jpg 2560w, https:\/\/dworwkrzywce.pl\/wp-content\/uploads\/2024\/12\/jasny_dwor_witraze_05-scaled-300x300.jpg 300w, https:\/\/dworwkrzywce.pl\/wp-content\/uploads\/2024\/12\/jasny_dwor_witraze_05-1024x1024.jpg 1024w, https:\/\/dworwkrzywce.pl\/wp-content\/uploads\/2024\/12\/jasny_dwor_witraze_05-150x150.jpg 150w, https:\/\/dworwkrzywce.pl\/wp-content\/uploads\/2024\/12\/jasny_dwor_witraze_05-768x768.jpg 768w, https:\/\/dworwkrzywce.pl\/wp-content\/uploads\/2024\/12\/jasny_dwor_witraze_05-1536x1536.jpg 1536w, https:\/\/dworwkrzywce.pl\/wp-content\/uploads\/2024\/12\/jasny_dwor_witraze_05-2048x2048.jpg 2048w\" sizes=\"auto, (max-width: 300px) 100vw, 300px\" \/>\n\t\t<div class=\"figc no-description\">\n\t\t\t<div class=\"figc-inner\">\n\t\t\t\t\t\t\t\t\t\t\t\t\t\t\t<\/div>\n\t\t<\/div>\n\n\t<\/div>\n\n<\/div><div class=\"modula-item effect-pufrobo\" >\n\t<div class=\"modula-item-overlay\"><\/div>\n\n\t<div class=\"modula-item-content\">\n\n\t\t<a data-image-id=\"18\" role=\"button\" tabindex=\"0\" rel=\"jtg-26\" data-caption=\"\" aria-label=\"Otw\u00f3rz obrazek w lightboxie\" class=\"tile-inner modula-item-link\"><\/a><img loading=\"lazy\" decoding=\"async\" class=\"pic wp-image-18\"  data-valign=\"middle\" data-halign=\"center\" alt=\"\" data-full=\"https:\/\/dworwkrzywce.pl\/wp-content\/uploads\/2024\/12\/jasny_dwor_witraze_09.jpg\" title=\"jasny_dwor_witraze_09\" crop=\"\" width=\"300\" height=\"300\" src=\"https:\/\/dworwkrzywce.pl\/wp-content\/uploads\/2024\/12\/jasny_dwor_witraze_09-300x300.jpg\" data-src=\"https:\/\/dworwkrzywce.pl\/wp-content\/uploads\/2024\/12\/jasny_dwor_witraze_09-300x300.jpg\" data-caption=\"\" srcset=\"https:\/\/dworwkrzywce.pl\/wp-content\/uploads\/2024\/12\/jasny_dwor_witraze_09-scaled.jpg 2560w, https:\/\/dworwkrzywce.pl\/wp-content\/uploads\/2024\/12\/jasny_dwor_witraze_09-scaled-300x300.jpg 300w, https:\/\/dworwkrzywce.pl\/wp-content\/uploads\/2024\/12\/jasny_dwor_witraze_09-1024x1024.jpg 1024w, https:\/\/dworwkrzywce.pl\/wp-content\/uploads\/2024\/12\/jasny_dwor_witraze_09-150x150.jpg 150w, https:\/\/dworwkrzywce.pl\/wp-content\/uploads\/2024\/12\/jasny_dwor_witraze_09-768x768.jpg 768w, https:\/\/dworwkrzywce.pl\/wp-content\/uploads\/2024\/12\/jasny_dwor_witraze_09-1536x1536.jpg 1536w, https:\/\/dworwkrzywce.pl\/wp-content\/uploads\/2024\/12\/jasny_dwor_witraze_09-2048x2048.jpg 2048w\" sizes=\"auto, (max-width: 300px) 100vw, 300px\" \/>\n\t\t<div class=\"figc no-description\">\n\t\t\t<div class=\"figc-inner\">\n\t\t\t\t\t\t\t\t\t\t\t\t\t\t\t<\/div>\n\t\t<\/div>\n\n\t<\/div>\n\n<\/div><div class=\"modula-item effect-pufrobo\" >\n\t<div class=\"modula-item-overlay\"><\/div>\n\n\t<div class=\"modula-item-content\">\n\n\t\t<a data-image-id=\"14\" role=\"button\" tabindex=\"0\" rel=\"jtg-26\" data-caption=\"\" aria-label=\"Otw\u00f3rz obrazek w lightboxie\" class=\"tile-inner modula-item-link\"><\/a><img loading=\"lazy\" decoding=\"async\" class=\"pic wp-image-14\"  data-valign=\"middle\" data-halign=\"center\" alt=\"\" data-full=\"https:\/\/dworwkrzywce.pl\/wp-content\/uploads\/2024\/12\/jasny_dwor_witraze_12.jpg\" title=\"jasny_dwor_witraze_12\" crop=\"\" width=\"300\" height=\"300\" src=\"https:\/\/dworwkrzywce.pl\/wp-content\/uploads\/2024\/12\/jasny_dwor_witraze_12-300x300.jpg\" data-src=\"https:\/\/dworwkrzywce.pl\/wp-content\/uploads\/2024\/12\/jasny_dwor_witraze_12-300x300.jpg\" data-caption=\"\" srcset=\"https:\/\/dworwkrzywce.pl\/wp-content\/uploads\/2024\/12\/jasny_dwor_witraze_12-scaled.jpg 2560w, https:\/\/dworwkrzywce.pl\/wp-content\/uploads\/2024\/12\/jasny_dwor_witraze_12-scaled-300x300.jpg 300w, https:\/\/dworwkrzywce.pl\/wp-content\/uploads\/2024\/12\/jasny_dwor_witraze_12-1024x1024.jpg 1024w, https:\/\/dworwkrzywce.pl\/wp-content\/uploads\/2024\/12\/jasny_dwor_witraze_12-150x150.jpg 150w, https:\/\/dworwkrzywce.pl\/wp-content\/uploads\/2024\/12\/jasny_dwor_witraze_12-768x768.jpg 768w, https:\/\/dworwkrzywce.pl\/wp-content\/uploads\/2024\/12\/jasny_dwor_witraze_12-1536x1536.jpg 1536w, https:\/\/dworwkrzywce.pl\/wp-content\/uploads\/2024\/12\/jasny_dwor_witraze_12-2048x2048.jpg 2048w\" sizes=\"auto, (max-width: 300px) 100vw, 300px\" \/>\n\t\t<div class=\"figc no-description\">\n\t\t\t<div class=\"figc-inner\">\n\t\t\t\t\t\t\t\t\t\t\t\t\t\t\t<\/div>\n\t\t<\/div>\n\n\t<\/div>\n\n<\/div><div class=\"modula-item effect-pufrobo\" >\n\t<div class=\"modula-item-overlay\"><\/div>\n\n\t<div class=\"modula-item-content\">\n\n\t\t<a data-image-id=\"16\" role=\"button\" tabindex=\"0\" rel=\"jtg-26\" data-caption=\"\" aria-label=\"Otw\u00f3rz obrazek w lightboxie\" class=\"tile-inner modula-item-link\"><\/a><img loading=\"lazy\" decoding=\"async\" class=\"pic wp-image-16\"  data-valign=\"middle\" data-halign=\"center\" alt=\"\" data-full=\"https:\/\/dworwkrzywce.pl\/wp-content\/uploads\/2024\/12\/jasny_dwor_witraze_14.jpg\" title=\"jasny_dwor_witraze_14\" crop=\"\" width=\"300\" height=\"300\" src=\"https:\/\/dworwkrzywce.pl\/wp-content\/uploads\/2024\/12\/jasny_dwor_witraze_14-300x300.jpg\" data-src=\"https:\/\/dworwkrzywce.pl\/wp-content\/uploads\/2024\/12\/jasny_dwor_witraze_14-300x300.jpg\" data-caption=\"\" srcset=\"https:\/\/dworwkrzywce.pl\/wp-content\/uploads\/2024\/12\/jasny_dwor_witraze_14-scaled.jpg 2560w, https:\/\/dworwkrzywce.pl\/wp-content\/uploads\/2024\/12\/jasny_dwor_witraze_14-scaled-300x300.jpg 300w, https:\/\/dworwkrzywce.pl\/wp-content\/uploads\/2024\/12\/jasny_dwor_witraze_14-1024x1024.jpg 1024w, https:\/\/dworwkrzywce.pl\/wp-content\/uploads\/2024\/12\/jasny_dwor_witraze_14-150x150.jpg 150w, https:\/\/dworwkrzywce.pl\/wp-content\/uploads\/2024\/12\/jasny_dwor_witraze_14-768x768.jpg 768w, https:\/\/dworwkrzywce.pl\/wp-content\/uploads\/2024\/12\/jasny_dwor_witraze_14-1536x1536.jpg 1536w, https:\/\/dworwkrzywce.pl\/wp-content\/uploads\/2024\/12\/jasny_dwor_witraze_14-2048x2048.jpg 2048w\" sizes=\"auto, (max-width: 300px) 100vw, 300px\" \/>\n\t\t<div class=\"figc no-description\">\n\t\t\t<div class=\"figc-inner\">\n\t\t\t\t\t\t\t\t\t\t\t\t\t\t\t<\/div>\n\t\t<\/div>\n\n\t<\/div>\n\n<\/div><div class=\"modula-item effect-pufrobo\" >\n\t<div class=\"modula-item-overlay\"><\/div>\n\n\t<div class=\"modula-item-content\">\n\n\t\t<a data-image-id=\"15\" role=\"button\" tabindex=\"0\" rel=\"jtg-26\" data-caption=\"\" aria-label=\"Otw\u00f3rz obrazek w lightboxie\" class=\"tile-inner modula-item-link\"><\/a><img loading=\"lazy\" decoding=\"async\" class=\"pic wp-image-15\"  data-valign=\"middle\" data-halign=\"center\" alt=\"\" data-full=\"https:\/\/dworwkrzywce.pl\/wp-content\/uploads\/2024\/12\/jasny_dwor_witraze_15.jpg\" title=\"jasny_dwor_witraze_15\" crop=\"\" width=\"300\" height=\"300\" src=\"https:\/\/dworwkrzywce.pl\/wp-content\/uploads\/2024\/12\/jasny_dwor_witraze_15-300x300.jpg\" data-src=\"https:\/\/dworwkrzywce.pl\/wp-content\/uploads\/2024\/12\/jasny_dwor_witraze_15-300x300.jpg\" data-caption=\"\" srcset=\"https:\/\/dworwkrzywce.pl\/wp-content\/uploads\/2024\/12\/jasny_dwor_witraze_15-scaled.jpg 2560w, https:\/\/dworwkrzywce.pl\/wp-content\/uploads\/2024\/12\/jasny_dwor_witraze_15-scaled-300x300.jpg 300w, https:\/\/dworwkrzywce.pl\/wp-content\/uploads\/2024\/12\/jasny_dwor_witraze_15-1024x1024.jpg 1024w, https:\/\/dworwkrzywce.pl\/wp-content\/uploads\/2024\/12\/jasny_dwor_witraze_15-150x150.jpg 150w, https:\/\/dworwkrzywce.pl\/wp-content\/uploads\/2024\/12\/jasny_dwor_witraze_15-768x768.jpg 768w, https:\/\/dworwkrzywce.pl\/wp-content\/uploads\/2024\/12\/jasny_dwor_witraze_15-1536x1536.jpg 1536w, https:\/\/dworwkrzywce.pl\/wp-content\/uploads\/2024\/12\/jasny_dwor_witraze_15-2048x2048.jpg 2048w\" sizes=\"auto, (max-width: 300px) 100vw, 300px\" \/>\n\t\t<div class=\"figc no-description\">\n\t\t\t<div class=\"figc-inner\">\n\t\t\t\t\t\t\t\t\t\t\t\t\t\t\t<\/div>\n\t\t<\/div>\n\n\t<\/div>\n\n<\/div>\t\t\n\t<\/div>\n\n\t\n\t\n\t<script type=\"application\/ld+json\">\n\t{\n\t\t\"@context\": \"http:\/\/schema.org\",\n\t\t\"@type\"   : \"ImageGallery\",\n\t\t\"id\"      : \"https:\/\/dworwkrzywce.pl\/\",\n\t\t\"url\"     : \"https:\/\/dworwkrzywce.pl\/\"\n\t}\n\n\t<\/script>\n\n\t\n<\/div>\n\n\n\n\n<p><\/p>\n","protected":false},"excerpt":{"rendered":"","protected":false},"author":1,"featured_media":0,"parent":0,"menu_order":1,"comment_status":"closed","ping_status":"closed","template":"page-no-separators","meta":{"footnotes":""},"class_list":["post-11","page","type-page","status-publish","hentry"],"yoast_head":"<!-- This site is optimized with the Yoast SEO plugin v27.4 - https:\/\/yoast.com\/product\/yoast-seo-wordpress\/ -->\n<title>- \u00a9 Dw\u00f3r w Krzywce 2024<\/title>\n<meta name=\"description\" content=\"Dw\u00f3r w Krzywce. Kultura. Sztuka. Malarstwo. Sabina Krzywska. Jasny Dw\u00f3r - Witra\u017ce Publikacja.\" \/>\n<meta name=\"robots\" content=\"index, follow, max-snippet:-1, max-image-preview:large, max-video-preview:-1\" \/>\n<link rel=\"canonical\" href=\"https:\/\/dworwkrzywce.pl\/\" \/>\n<meta property=\"og:locale\" content=\"pl_PL\" \/>\n<meta property=\"og:type\" content=\"article\" \/>\n<meta property=\"og:title\" content=\"- \u00a9 Dw\u00f3r w Krzywce 2024\" \/>\n<meta property=\"og:description\" content=\"Dw\u00f3r w Krzywce. Kultura. Sztuka. Malarstwo. Sabina Krzywska. Jasny Dw\u00f3r - Witra\u017ce Publikacja.\" \/>\n<meta property=\"og:url\" content=\"https:\/\/dworwkrzywce.pl\/\" \/>\n<meta property=\"og:site_name\" content=\"\u00a9 Dw\u00f3r w Krzywce 2024\" \/>\n<meta property=\"article:modified_time\" content=\"2024-12-16T07:42:33+00:00\" \/>\n<meta name=\"twitter:card\" content=\"summary_large_image\" \/>\n<meta name=\"twitter:label1\" content=\"Szacowany czas czytania\" \/>\n\t<meta name=\"twitter:data1\" content=\"1 minuta\" \/>\n<script type=\"application\/ld+json\" class=\"yoast-schema-graph\">{\"@context\":\"https:\\\/\\\/schema.org\",\"@graph\":[{\"@type\":\"WebPage\",\"@id\":\"https:\\\/\\\/dworwkrzywce.pl\\\/\",\"url\":\"https:\\\/\\\/dworwkrzywce.pl\\\/\",\"name\":\"- \u00a9 Dw\u00f3r w Krzywce 2024\",\"isPartOf\":{\"@id\":\"https:\\\/\\\/dworwkrzywce.pl\\\/#website\"},\"datePublished\":\"2024-12-11T10:00:54+00:00\",\"dateModified\":\"2024-12-16T07:42:33+00:00\",\"description\":\"Dw\u00f3r w Krzywce. Kultura. Sztuka. Malarstwo. Sabina Krzywska. Jasny Dw\u00f3r - Witra\u017ce Publikacja.\",\"inLanguage\":\"pl-PL\",\"potentialAction\":[{\"@type\":\"ReadAction\",\"target\":[\"https:\\\/\\\/dworwkrzywce.pl\\\/\"]}]},{\"@type\":\"WebSite\",\"@id\":\"https:\\\/\\\/dworwkrzywce.pl\\\/#website\",\"url\":\"https:\\\/\\\/dworwkrzywce.pl\\\/\",\"name\":\"www.dworwkrzywce.pl\",\"description\":\"Dw\u00f3r w Krzywce Publikacja. Sabina Krzywska. Jasny Dw\u00f3r. Witra\u017ce. Sztuka, Kultura, Malarstwo\",\"publisher\":{\"@id\":\"https:\\\/\\\/dworwkrzywce.pl\\\/#organization\"},\"potentialAction\":[{\"@type\":\"SearchAction\",\"target\":{\"@type\":\"EntryPoint\",\"urlTemplate\":\"https:\\\/\\\/dworwkrzywce.pl\\\/?s={search_term_string}\"},\"query-input\":{\"@type\":\"PropertyValueSpecification\",\"valueRequired\":true,\"valueName\":\"search_term_string\"}}],\"inLanguage\":\"pl-PL\"},{\"@type\":\"Organization\",\"@id\":\"https:\\\/\\\/dworwkrzywce.pl\\\/#organization\",\"name\":\"Dw\u00f3r w Krzywce\",\"url\":\"https:\\\/\\\/dworwkrzywce.pl\\\/\",\"logo\":{\"@type\":\"ImageObject\",\"inLanguage\":\"pl-PL\",\"@id\":\"https:\\\/\\\/dworwkrzywce.pl\\\/#\\\/schema\\\/logo\\\/image\\\/\",\"url\":\"http:\\\/\\\/dworwkrzywce.pl\\\/wp-content\\\/uploads\\\/2024\\\/12\\\/sabina-pyziak-logo-1.png\",\"contentUrl\":\"http:\\\/\\\/dworwkrzywce.pl\\\/wp-content\\\/uploads\\\/2024\\\/12\\\/sabina-pyziak-logo-1.png\",\"width\":284,\"height\":542,\"caption\":\"Dw\u00f3r w Krzywce\"},\"image\":{\"@id\":\"https:\\\/\\\/dworwkrzywce.pl\\\/#\\\/schema\\\/logo\\\/image\\\/\"}}]}<\/script>\n<!-- \/ Yoast SEO plugin. -->","yoast_head_json":{"title":"- \u00a9 Dw\u00f3r w Krzywce 2024","description":"Dw\u00f3r w Krzywce. Kultura. Sztuka. Malarstwo. Sabina Krzywska. Jasny Dw\u00f3r - Witra\u017ce Publikacja.","robots":{"index":"index","follow":"follow","max-snippet":"max-snippet:-1","max-image-preview":"max-image-preview:large","max-video-preview":"max-video-preview:-1"},"canonical":"https:\/\/dworwkrzywce.pl\/","og_locale":"pl_PL","og_type":"article","og_title":"- \u00a9 Dw\u00f3r w Krzywce 2024","og_description":"Dw\u00f3r w Krzywce. Kultura. Sztuka. Malarstwo. Sabina Krzywska. Jasny Dw\u00f3r - Witra\u017ce Publikacja.","og_url":"https:\/\/dworwkrzywce.pl\/","og_site_name":"\u00a9 Dw\u00f3r w Krzywce 2024","article_modified_time":"2024-12-16T07:42:33+00:00","twitter_card":"summary_large_image","twitter_misc":{"Szacowany czas czytania":"1 minuta"},"schema":{"@context":"https:\/\/schema.org","@graph":[{"@type":"WebPage","@id":"https:\/\/dworwkrzywce.pl\/","url":"https:\/\/dworwkrzywce.pl\/","name":"- \u00a9 Dw\u00f3r w Krzywce 2024","isPartOf":{"@id":"https:\/\/dworwkrzywce.pl\/#website"},"datePublished":"2024-12-11T10:00:54+00:00","dateModified":"2024-12-16T07:42:33+00:00","description":"Dw\u00f3r w Krzywce. Kultura. Sztuka. Malarstwo. Sabina Krzywska. Jasny Dw\u00f3r - Witra\u017ce Publikacja.","inLanguage":"pl-PL","potentialAction":[{"@type":"ReadAction","target":["https:\/\/dworwkrzywce.pl\/"]}]},{"@type":"WebSite","@id":"https:\/\/dworwkrzywce.pl\/#website","url":"https:\/\/dworwkrzywce.pl\/","name":"www.dworwkrzywce.pl","description":"Dw\u00f3r w Krzywce Publikacja. Sabina Krzywska. Jasny Dw\u00f3r. Witra\u017ce. Sztuka, Kultura, Malarstwo","publisher":{"@id":"https:\/\/dworwkrzywce.pl\/#organization"},"potentialAction":[{"@type":"SearchAction","target":{"@type":"EntryPoint","urlTemplate":"https:\/\/dworwkrzywce.pl\/?s={search_term_string}"},"query-input":{"@type":"PropertyValueSpecification","valueRequired":true,"valueName":"search_term_string"}}],"inLanguage":"pl-PL"},{"@type":"Organization","@id":"https:\/\/dworwkrzywce.pl\/#organization","name":"Dw\u00f3r w Krzywce","url":"https:\/\/dworwkrzywce.pl\/","logo":{"@type":"ImageObject","inLanguage":"pl-PL","@id":"https:\/\/dworwkrzywce.pl\/#\/schema\/logo\/image\/","url":"http:\/\/dworwkrzywce.pl\/wp-content\/uploads\/2024\/12\/sabina-pyziak-logo-1.png","contentUrl":"http:\/\/dworwkrzywce.pl\/wp-content\/uploads\/2024\/12\/sabina-pyziak-logo-1.png","width":284,"height":542,"caption":"Dw\u00f3r w Krzywce"},"image":{"@id":"https:\/\/dworwkrzywce.pl\/#\/schema\/logo\/image\/"}}]}},"_links":{"self":[{"href":"https:\/\/dworwkrzywce.pl\/index.php?rest_route=\/wp\/v2\/pages\/11","targetHints":{"allow":["GET"]}}],"collection":[{"href":"https:\/\/dworwkrzywce.pl\/index.php?rest_route=\/wp\/v2\/pages"}],"about":[{"href":"https:\/\/dworwkrzywce.pl\/index.php?rest_route=\/wp\/v2\/types\/page"}],"author":[{"embeddable":true,"href":"https:\/\/dworwkrzywce.pl\/index.php?rest_route=\/wp\/v2\/users\/1"}],"replies":[{"embeddable":true,"href":"https:\/\/dworwkrzywce.pl\/index.php?rest_route=%2Fwp%2Fv2%2Fcomments&post=11"}],"version-history":[{"count":4,"href":"https:\/\/dworwkrzywce.pl\/index.php?rest_route=\/wp\/v2\/pages\/11\/revisions"}],"predecessor-version":[{"id":36,"href":"https:\/\/dworwkrzywce.pl\/index.php?rest_route=\/wp\/v2\/pages\/11\/revisions\/36"}],"wp:attachment":[{"href":"https:\/\/dworwkrzywce.pl\/index.php?rest_route=%2Fwp%2Fv2%2Fmedia&parent=11"}],"curies":[{"name":"wp","href":"https:\/\/api.w.org\/{rel}","templated":true}]}}